{"id":368,"date":"2023-05-21T13:30:57","date_gmt":"2023-05-21T10:30:57","guid":{"rendered":"http:\/\/www.yutek.com.tr\/?page_id=368"},"modified":"2023-05-21T13:30:57","modified_gmt":"2023-05-21T10:30:57","slug":"hakkimizda","status":"publish","type":"page","link":"https:\/\/www.yutek.com.tr\/?page_id=368","title":{"rendered":"Hakk\u0131m\u0131zda"},"content":{"rendered":"\n<p>Firma Bilgileri;<\/p>\n\n\n\n<p>YUTEK END\u00dcSTR\u0130YEL KONTROL. 2000  senesinden bug\u00fcne ind\u00fcksiyon sistemleri geli\u015ftirmektedir, 1989 y\u0131l\u0131ndan bu yana Elektronik ve makine sekt\u00f6r\u00fcnde Tecr\u00fcbe ve tasar\u0131m bilgisine sahiptir.<\/p>\n\n\n\n<p>Firmam\u0131z demir ve demir d\u0131\u015f\u0131 malzemelerin \u00f6zel ihtiya\u00e7lar\u0131na uygun ind\u00fcksiyon kaynak, \u0131s\u0131tma, eritme tasar\u0131m\u0131, \u00fcretimi, onar\u0131m\u0131 ve servis hizmetleri alan\u0131nda faaliyet g\u00f6stermektedir.<\/p>\n\n\n\n<p>\u0130nd\u00fcksiyon \u00a0sistemlerimiz \u00a01kg dan 1000kg\/saat&#8217;e kadar, G\u00fc\u00e7 \u00fcnitelerimiz 1 kW\u2019 dan 600 kW\u2019 a, Frekans aral\u0131\u011f\u0131 2KHz &#8211; 1 MHz aras\u0131nda de\u011fi\u015fmektedir. \u00a0Mekanik \u00fcniteler \u00a0otomasyon sistemleri ve \u00a0so\u011futma \u00a0sistemleri \u00a0gibi\u00a0 yard\u0131mc\u0131 \u00fcniteler ind\u00fcksiyon sistemleri ile birlikte sa\u011flanmaktad\u0131r.<\/p>\n\n\n\n<p>YUTEK END\u00dcSTR\u0130YEL KONTROL. bilin\u00e7li ve uzman personeli, kaliteli \u00fcr\u00fcnleri ve h\u0131zl\u0131 servis a\u011f\u0131yla metal\u00fcrji sekt\u00f6r\u00fcn\u00fcn hizmetindedir. Bilgilerinize rica eder, de\u011ferli \u00e7al\u0131\u015fmalar\u0131m\u0131z\u0131n devam\u0131n\u0131 dileriz.<\/p>\n\n\n\n<p>Sayg\u0131lar\u0131m\u0131zla,<\/p>\n","protected":false},"excerpt":{"rendered":"<p>Firma Bilgileri; YUTEK END\u00dcSTR\u0130YEL KONTROL. 2000 senesinden bug\u00fcne ind\u00fcksiyon sistemleri geli\u015ftirmektedir, 1989 y\u0131l\u0131ndan bu yana Elektronik ve makine sekt\u00f6r\u00fcnde Tecr\u00fcbe ve tasar\u0131m bilgisine sahiptir. Firmam\u0131z demir ve demir d\u0131\u015f\u0131 malzemelerin \u00f6zel ihtiya\u00e7lar\u0131na uygun ind\u00fcksiyon kaynak, \u0131s\u0131tma, eritme tasar\u0131m\u0131, \u00fcretimi, onar\u0131m\u0131 ve servis hizmetleri alan\u0131nda faaliyet g\u00f6stermektedir. \u0130nd\u00fcksiyon \u00a0sistemlerimiz \u00a01kg dan 1000kg\/saat&#8217;e kadar, G\u00fc\u00e7 \u00fcnitelerimiz 1&#8230;<\/p>\n","protected":false},"author":1,"featured_media":0,"parent":0,"menu_order":0,"comment_status":"closed","ping_status":"closed","template":"","meta":{"_kad_post_transparent":"","_kad_post_title":"","_kad_post_layout":"","_kad_post_sidebar_id":"","_kad_post_content_style":"","_kad_post_vertical_padding":"","_kad_post_feature":"","_kad_post_feature_position":"","_kad_post_header":false,"_kad_post_footer":false,"footnotes":""},"_links":{"self":[{"href":"https:\/\/www.yutek.com.tr\/index.php?rest_route=\/wp\/v2\/pages\/368"}],"collection":[{"href":"https:\/\/www.yutek.com.tr\/index.php?rest_route=\/wp\/v2\/pages"}],"about":[{"href":"https:\/\/www.yutek.com.tr\/index.php?rest_route=\/wp\/v2\/types\/page"}],"author":[{"embeddable":true,"href":"https:\/\/www.yutek.com.tr\/index.php?rest_route=\/wp\/v2\/users\/1"}],"replies":[{"embeddable":true,"href":"https:\/\/www.yutek.com.tr\/index.php?rest_route=%2Fwp%2Fv2%2Fcomments&post=368"}],"version-history":[{"count":0,"href":"https:\/\/www.yutek.com.tr\/index.php?rest_route=\/wp\/v2\/pages\/368\/revisions"}],"wp:attachment":[{"href":"https:\/\/www.yutek.com.tr\/index.php?rest_route=%2Fwp%2Fv2%2Fmedia&parent=368"}],"curies":[{"name":"wp","href":"https:\/\/api.w.org\/{rel}","templated":true}]}}