{"id":301,"date":"2023-05-20T01:10:11","date_gmt":"2023-05-19T22:10:11","guid":{"rendered":"http:\/\/www.yutek.com.tr\/?post_type=product&#038;p=301"},"modified":"2023-06-12T17:25:27","modified_gmt":"2023-06-12T14:25:27","slug":"induksiyon-coklu-tunel-tipi","status":"publish","type":"product","link":"https:\/\/www.yutek.com.tr\/?product=induksiyon-coklu-tunel-tipi","title":{"rendered":"\u0130nd\u00fcksiyon \u00c7oklu T\u00fcnel Tipi"},"content":{"rendered":"<p>\u0130nd\u00fcksiyon Bro\u015f\u00fcr (Pdf Dosyas\u0131) <a href=\"https:\/\/www.yutek.com.tr\/wp-content\/uploads\/2023\/05\/IND-T400-1.pdf\">IND-T400<\/a><\/p>\n<p>Yerli ve Milli \u00dcretim<br \/>\n3-10 kHz frekans aral\u0131\u011f\u0131<br \/>\nCihaz G\u00fcc\u00fc 450kW<br \/>\nGeni\u015f Grafik LCD Ekran<br \/>\nKullan\u0131c\u0131 Dostu Kullan\u0131m<br \/>\nEnd\u00fcstriyel Kullan\u0131m \/ Kesintisiz \u00c7al\u0131\u015fma<br \/>\nGeni\u015f Koruma Yap\u0131s\u0131; K\u0131sa devre, Bo\u015fta \u00c7al\u0131\u015fma, A\u015f\u0131r\u0131 y\u00fck, A\u015f\u0131r\u0131 \u0131s\u0131 vs.<br \/>\nIGBT G\u00fc\u00e7 Yap\u0131s\u0131<br \/>\nY\u00fcksek verimli \u00c7al\u0131\u015fma<br \/>\nTamamen Dijital Yap\u0131<br \/>\nOpsiyonel \u0130zole \u00c7\u0131k\u0131\u015f Yap\u0131s\u0131<\/p>\n","protected":false},"excerpt":{"rendered":"<p>\u0130nd\u00fcksiyon Bro\u015f\u00fcr (Pdf Dosyas\u0131) IND-T400 Yerli ve Milli \u00dcretim 3-10 kHz frekans aral\u0131\u011f\u0131 Cihaz G\u00fcc\u00fc 450kW Geni\u015f Grafik LCD Ekran Kullan\u0131c\u0131 Dostu Kullan\u0131m End\u00fcstriyel Kullan\u0131m \/ Kesintisiz \u00c7al\u0131\u015fma Geni\u015f Koruma Yap\u0131s\u0131; K\u0131sa devre, Bo\u015fta \u00c7al\u0131\u015fma, A\u015f\u0131r\u0131 y\u00fck, A\u015f\u0131r\u0131 \u0131s\u0131 vs. IGBT G\u00fc\u00e7 Yap\u0131s\u0131 Y\u00fcksek verimli \u00c7al\u0131\u015fma Tamamen Dijital Yap\u0131 Opsiyonel \u0130zole \u00c7\u0131k\u0131\u015f Yap\u0131s\u0131<\/p>\n","protected":false},"featured_media":56,"comment_status":"open","ping_status":"closed","template":"","meta":{"_kad_post_transparent":"default","_kad_post_title":"","_kad_post_layout":"default","_kad_post_sidebar_id":"","_kad_post_content_style":"default","_kad_post_vertical_padding":"default","_kad_post_feature":"","_kad_post_feature_position":"","_kad_post_header":false,"_kad_post_footer":false},"product_cat":[30,31],"product_tag":[34],"_links":{"self":[{"href":"https:\/\/www.yutek.com.tr\/index.php?rest_route=\/wp\/v2\/product\/301"}],"collection":[{"href":"https:\/\/www.yutek.com.tr\/index.php?rest_route=\/wp\/v2\/product"}],"about":[{"href":"https:\/\/www.yutek.com.tr\/index.php?rest_route=\/wp\/v2\/types\/product"}],"replies":[{"embeddable":true,"href":"https:\/\/www.yutek.com.tr\/index.php?rest_route=%2Fwp%2Fv2%2Fcomments&post=301"}],"version-history":[{"count":0,"href":"https:\/\/www.yutek.com.tr\/index.php?rest_route=\/wp\/v2\/product\/301\/revisions"}],"wp:featuredmedia":[{"embeddable":true,"href":"https:\/\/www.yutek.com.tr\/index.php?rest_route=\/wp\/v2\/media\/56"}],"wp:attachment":[{"href":"https:\/\/www.yutek.com.tr\/index.php?rest_route=%2Fwp%2Fv2%2Fmedia&parent=301"}],"wp:term":[{"taxonomy":"product_cat","embeddable":true,"href":"https:\/\/www.yutek.com.tr\/index.php?rest_route=%2Fwp%2Fv2%2Fproduct_cat&post=301"},{"taxonomy":"product_tag","embeddable":true,"href":"https:\/\/www.yutek.com.tr\/index.php?rest_route=%2Fwp%2Fv2%2Fproduct_tag&post=301"}],"curies":[{"name":"wp","href":"https:\/\/api.w.org\/{rel}","templated":true}]}}