{"id":385,"date":"2023-05-23T17:07:37","date_gmt":"2023-05-23T14:07:37","guid":{"rendered":"http:\/\/www.yutek.com.tr\/?post_type=product&#038;p=385"},"modified":"2024-06-19T20:56:09","modified_gmt":"2024-06-19T17:56:09","slug":"induksiyon-genel-amacli-15kw","status":"publish","type":"product","link":"https:\/\/www.yutek.com.tr\/?product=induksiyon-genel-amacli-15kw","title":{"rendered":"\u0130nd\u00fcksiyon Genel Ama\u00e7l\u0131 15kW"},"content":{"rendered":"<p><img fetchpriority=\"high\" decoding=\"async\" class=\"alignnone size-medium wp-image-592\" src=\"https:\/\/www.yutek.com.tr\/wp-content\/uploads\/2023\/05\/20240529_191429-169x300.jpg\" alt=\"\" width=\"169\" height=\"300\" srcset=\"https:\/\/www.yutek.com.tr\/wp-content\/uploads\/2023\/05\/20240529_191429-169x300.jpg 169w, https:\/\/www.yutek.com.tr\/wp-content\/uploads\/2023\/05\/20240529_191429-576x1024.jpg 576w, https:\/\/www.yutek.com.tr\/wp-content\/uploads\/2023\/05\/20240529_191429-768x1365.jpg 768w, https:\/\/www.yutek.com.tr\/wp-content\/uploads\/2023\/05\/20240529_191429-864x1536.jpg 864w, https:\/\/www.yutek.com.tr\/wp-content\/uploads\/2023\/05\/20240529_191429-1152x2048.jpg 1152w, https:\/\/www.yutek.com.tr\/wp-content\/uploads\/2023\/05\/20240529_191429-600x1067.jpg 600w, https:\/\/www.yutek.com.tr\/wp-content\/uploads\/2023\/05\/20240529_191429-scaled.jpg 1440w\" sizes=\"(max-width: 169px) 100vw, 169px\" \/><\/p>\n<ul>\n<li><em>Yerli ve Milli \u00dcretim<\/em><\/li>\n<li><em>MODEL: <strong>YT-W-15<\/strong><\/em><br \/>\n<em>Masa\u00fcst\u00fc Kullan\u0131m<\/em><br \/>\n<em>30-100 kHz frekans aral\u0131\u011f\u0131<\/em><br \/>\n<em>Cihaz G\u00fcc\u00fc 15kW<\/em><br \/>\n<em>Geni\u015f Grafik LCD Ekran<\/em><br \/>\n<em>Kullan\u0131c\u0131 Dostu Kullan\u0131m<\/em><br \/>\n<em>End\u00fcstriyel Kullan\u0131m \/ Kesintisiz \u00c7al\u0131\u015fma<\/em><br \/>\n<em>Geni\u015f Koruma Yap\u0131s\u0131; K\u0131sa devre, Bo\u015fta \u00c7al\u0131\u015fma, A\u015f\u0131r\u0131 y\u00fck, A\u015f\u0131r\u0131 \u0131s\u0131 vs.<\/em><br \/>\n<em>IGBT G\u00fc\u00e7 Yap\u0131s\u0131<\/em><br \/>\n<em>Y\u00fcksek verimli \u00c7al\u0131\u015fma<\/em><br \/>\n<em>Tamamen Dijital Yap\u0131<\/em><br \/>\n<em>\u0130zole \u00c7\u0131k\u0131\u015f Yap\u0131s\u0131<\/em><\/li>\n<li><em>Kolay \u0130nd\u00fckt\u00f6r de\u011fi\u015ftirme<\/em><\/li>\n<\/ul>\n","protected":false},"excerpt":{"rendered":"<p>Yerli ve Milli \u00dcretim MODEL: YT-W-15 Masa\u00fcst\u00fc Kullan\u0131m 30-100 kHz frekans aral\u0131\u011f\u0131 Cihaz G\u00fcc\u00fc 15kW Geni\u015f Grafik LCD Ekran Kullan\u0131c\u0131 Dostu Kullan\u0131m End\u00fcstriyel Kullan\u0131m \/ Kesintisiz \u00c7al\u0131\u015fma Geni\u015f Koruma Yap\u0131s\u0131; K\u0131sa devre, Bo\u015fta \u00c7al\u0131\u015fma, A\u015f\u0131r\u0131 y\u00fck, A\u015f\u0131r\u0131 \u0131s\u0131 vs. IGBT G\u00fc\u00e7 Yap\u0131s\u0131 Y\u00fcksek verimli \u00c7al\u0131\u015fma Tamamen Dijital Yap\u0131 \u0130zole \u00c7\u0131k\u0131\u015f Yap\u0131s\u0131 Kolay \u0130nd\u00fckt\u00f6r de\u011fi\u015ftirme<\/p>\n","protected":false},"featured_media":384,"comment_status":"open","ping_status":"closed","template":"","meta":{"_kad_post_transparent":"default","_kad_post_title":"","_kad_post_layout":"default","_kad_post_sidebar_id":"","_kad_post_content_style":"default","_kad_post_vertical_padding":"default","_kad_post_feature":"","_kad_post_feature_position":"","_kad_post_header":false,"_kad_post_footer":false},"product_cat":[30,31],"product_tag":[],"_links":{"self":[{"href":"https:\/\/www.yutek.com.tr\/index.php?rest_route=\/wp\/v2\/product\/385"}],"collection":[{"href":"https:\/\/www.yutek.com.tr\/index.php?rest_route=\/wp\/v2\/product"}],"about":[{"href":"https:\/\/www.yutek.com.tr\/index.php?rest_route=\/wp\/v2\/types\/product"}],"replies":[{"embeddable":true,"href":"https:\/\/www.yutek.com.tr\/index.php?rest_route=%2Fwp%2Fv2%2Fcomments&post=385"}],"version-history":[{"count":0,"href":"https:\/\/www.yutek.com.tr\/index.php?rest_route=\/wp\/v2\/product\/385\/revisions"}],"wp:featuredmedia":[{"embeddable":true,"href":"https:\/\/www.yutek.com.tr\/index.php?rest_route=\/wp\/v2\/media\/384"}],"wp:attachment":[{"href":"https:\/\/www.yutek.com.tr\/index.php?rest_route=%2Fwp%2Fv2%2Fmedia&parent=385"}],"wp:term":[{"taxonomy":"product_cat","embeddable":true,"href":"https:\/\/www.yutek.com.tr\/index.php?rest_route=%2Fwp%2Fv2%2Fproduct_cat&post=385"},{"taxonomy":"product_tag","embeddable":true,"href":"https:\/\/www.yutek.com.tr\/index.php?rest_route=%2Fwp%2Fv2%2Fproduct_tag&post=385"}],"curies":[{"name":"wp","href":"https:\/\/api.w.org\/{rel}","templated":true}]}}