{"id":388,"date":"2023-05-23T17:54:38","date_gmt":"2023-05-23T14:54:38","guid":{"rendered":"http:\/\/www.yutek.com.tr\/?post_type=product&#038;p=388"},"modified":"2024-06-19T20:55:03","modified_gmt":"2024-06-19T17:55:03","slug":"388","status":"publish","type":"product","link":"https:\/\/www.yutek.com.tr\/?product=388","title":{"rendered":"\u0130nd\u00fcksiyon Y\u00fcksek Frekans Kaynak 3kW"},"content":{"rendered":"<ul>\n<li><em>Yerli ve Milli \u00dcretim<\/em><\/li>\n<li><em>MODEL: <strong>YT-W-5<\/strong><\/em><\/li>\n<li><em>Masa\u00fcst\u00fc Kullan\u0131m<\/em><br \/>\n<em>300kHz-1000KHz frekans aral\u0131\u011f\u0131<\/em><br \/>\n<em>Cihaz G\u00fcc\u00fc 3kW<\/em><br \/>\n<em>LCD Ekran<\/em><br \/>\n<em>Kullan\u0131c\u0131 Dostu Kullan\u0131m<\/em><br \/>\n<em>End\u00fcstriyel Kullan\u0131m \/ Kesintisiz \u00c7al\u0131\u015fma<\/em><br \/>\n<em>Geni\u015f Koruma Yap\u0131s\u0131; K\u0131sa devre, Bo\u015fta \u00c7al\u0131\u015fma, A\u015f\u0131r\u0131 y\u00fck, A\u015f\u0131r\u0131 \u0131s\u0131 vs.<\/em><br \/>\n<em>MOSFET G\u00fc\u00e7 Yap\u0131s\u0131<\/em><br \/>\n<em>Y\u00fcksek verimli \u00c7al\u0131\u015fma<\/em><br \/>\n<em>Tamamen Dijital Yap\u0131<\/em><br \/>\n<em>\u0130zole \u00c7\u0131k\u0131\u015f Yap\u0131s\u0131<\/em><\/li>\n<\/ul>\n","protected":false},"excerpt":{"rendered":"<p>Yerli ve Milli \u00dcretim MODEL: YT-W-5 Masa\u00fcst\u00fc Kullan\u0131m 300kHz-1000KHz frekans aral\u0131\u011f\u0131 Cihaz G\u00fcc\u00fc 3kW LCD Ekran Kullan\u0131c\u0131 Dostu Kullan\u0131m End\u00fcstriyel Kullan\u0131m \/ Kesintisiz \u00c7al\u0131\u015fma Geni\u015f Koruma Yap\u0131s\u0131; K\u0131sa devre, Bo\u015fta \u00c7al\u0131\u015fma, A\u015f\u0131r\u0131 y\u00fck, A\u015f\u0131r\u0131 \u0131s\u0131 vs. MOSFET G\u00fc\u00e7 Yap\u0131s\u0131 Y\u00fcksek verimli \u00c7al\u0131\u015fma Tamamen Dijital Yap\u0131 \u0130zole \u00c7\u0131k\u0131\u015f Yap\u0131s\u0131<\/p>\n","protected":false},"featured_media":389,"comment_status":"open","ping_status":"closed","template":"","meta":{"_kad_post_transparent":"default","_kad_post_title":"","_kad_post_layout":"default","_kad_post_sidebar_id":"","_kad_post_content_style":"default","_kad_post_vertical_padding":"default","_kad_post_feature":"","_kad_post_feature_position":"","_kad_post_header":false,"_kad_post_footer":false},"product_cat":[30,31],"product_tag":[],"_links":{"self":[{"href":"https:\/\/www.yutek.com.tr\/index.php?rest_route=\/wp\/v2\/product\/388"}],"collection":[{"href":"https:\/\/www.yutek.com.tr\/index.php?rest_route=\/wp\/v2\/product"}],"about":[{"href":"https:\/\/www.yutek.com.tr\/index.php?rest_route=\/wp\/v2\/types\/product"}],"replies":[{"embeddable":true,"href":"https:\/\/www.yutek.com.tr\/index.php?rest_route=%2Fwp%2Fv2%2Fcomments&post=388"}],"version-history":[{"count":0,"href":"https:\/\/www.yutek.com.tr\/index.php?rest_route=\/wp\/v2\/product\/388\/revisions"}],"wp:featuredmedia":[{"embeddable":true,"href":"https:\/\/www.yutek.com.tr\/index.php?rest_route=\/wp\/v2\/media\/389"}],"wp:attachment":[{"href":"https:\/\/www.yutek.com.tr\/index.php?rest_route=%2Fwp%2Fv2%2Fmedia&parent=388"}],"wp:term":[{"taxonomy":"product_cat","embeddable":true,"href":"https:\/\/www.yutek.com.tr\/index.php?rest_route=%2Fwp%2Fv2%2Fproduct_cat&post=388"},{"taxonomy":"product_tag","embeddable":true,"href":"https:\/\/www.yutek.com.tr\/index.php?rest_route=%2Fwp%2Fv2%2Fproduct_tag&post=388"}],"curies":[{"name":"wp","href":"https:\/\/api.w.org\/{rel}","templated":true}]}}