{"id":541,"date":"2024-06-09T20:54:17","date_gmt":"2024-06-09T17:54:17","guid":{"rendered":"https:\/\/www.yutek.com.tr\/?post_type=product&#038;p=541"},"modified":"2024-06-09T21:13:50","modified_gmt":"2024-06-09T18:13:50","slug":"cnc-karbur-kesme","status":"publish","type":"product","link":"https:\/\/www.yutek.com.tr\/?product=cnc-karbur-kesme","title":{"rendered":"CNC Karb\u00fcr Kesme"},"content":{"rendered":"<p>Yerli ve Milli \u00dcretim<\/p>\n<p>-Geni\u015f Grafik LCD Ekran<br \/>\nKullan\u0131c\u0131 Dostu Kullan\u0131m<br \/>\nEnd\u00fcstriyel Kullan\u0131m \/ Kesintisiz \u00c7al\u0131\u015fma<br \/>\nGeni\u015f Koruma Yap\u0131s\u0131;<br \/>\nServo sistem yap\u0131s\u0131<br \/>\nY\u00fcksek verimli \u00c7al\u0131\u015fma<br \/>\nTamamen Dijital Yap\u0131<\/p>\n","protected":false},"excerpt":{"rendered":"<p>Yerli ve Milli \u00dcretim -Geni\u015f Grafik LCD Ekran Kullan\u0131c\u0131 Dostu Kullan\u0131m End\u00fcstriyel Kullan\u0131m \/ Kesintisiz \u00c7al\u0131\u015fma Geni\u015f Koruma Yap\u0131s\u0131; Servo sistem yap\u0131s\u0131 Y\u00fcksek verimli \u00c7al\u0131\u015fma Tamamen Dijital Yap\u0131<\/p>\n","protected":false},"featured_media":542,"comment_status":"open","ping_status":"closed","template":"","meta":{"_kad_post_transparent":"default","_kad_post_title":"","_kad_post_layout":"default","_kad_post_sidebar_id":"","_kad_post_content_style":"default","_kad_post_vertical_padding":"default","_kad_post_feature":"","_kad_post_feature_position":"","_kad_post_header":false,"_kad_post_footer":false},"product_cat":[30,33],"product_tag":[],"_links":{"self":[{"href":"https:\/\/www.yutek.com.tr\/index.php?rest_route=\/wp\/v2\/product\/541"}],"collection":[{"href":"https:\/\/www.yutek.com.tr\/index.php?rest_route=\/wp\/v2\/product"}],"about":[{"href":"https:\/\/www.yutek.com.tr\/index.php?rest_route=\/wp\/v2\/types\/product"}],"replies":[{"embeddable":true,"href":"https:\/\/www.yutek.com.tr\/index.php?rest_route=%2Fwp%2Fv2%2Fcomments&post=541"}],"version-history":[{"count":0,"href":"https:\/\/www.yutek.com.tr\/index.php?rest_route=\/wp\/v2\/product\/541\/revisions"}],"wp:featuredmedia":[{"embeddable":true,"href":"https:\/\/www.yutek.com.tr\/index.php?rest_route=\/wp\/v2\/media\/542"}],"wp:attachment":[{"href":"https:\/\/www.yutek.com.tr\/index.php?rest_route=%2Fwp%2Fv2%2Fmedia&parent=541"}],"wp:term":[{"taxonomy":"product_cat","embeddable":true,"href":"https:\/\/www.yutek.com.tr\/index.php?rest_route=%2Fwp%2Fv2%2Fproduct_cat&post=541"},{"taxonomy":"product_tag","embeddable":true,"href":"https:\/\/www.yutek.com.tr\/index.php?rest_route=%2Fwp%2Fv2%2Fproduct_tag&post=541"}],"curies":[{"name":"wp","href":"https:\/\/api.w.org\/{rel}","templated":true}]}}